{"id":42,"date":"2012-12-27T16:43:48","date_gmt":"2012-12-27T14:43:48","guid":{"rendered":"http:\/\/www.inter-views.org\/wordpress\/?page_id=42"},"modified":"2019-09-28T13:56:16","modified_gmt":"2019-09-28T11:56:16","slug":"publications","status":"publish","type":"page","link":"https:\/\/www.inter-views.org\/de\/publications\/","title":{"rendered":"PUBLIKATIONEN"},"content":{"rendered":"<p><a href=\"http:\/\/www.inter-views.org\/wp-content\/uploads\/FC_front_480_klein.jpg\"><img loading=\"lazy\" decoding=\"async\" class=\"alignright wp-image-2834 size-full\" src=\"http:\/\/www.inter-views.org\/wp-content\/uploads\/FC_front_480_klein.jpg\" alt=\"\" width=\"480\" height=\"346\" srcset=\"https:\/\/www.inter-views.org\/wp-content\/uploads\/FC_front_480_klein.jpg 480w, https:\/\/www.inter-views.org\/wp-content\/uploads\/FC_front_480_klein-300x216.jpg 300w\" sizes=\"auto, (max-width: 480px) 100vw, 480px\" \/><\/a><\/p>\n<p><a href=\"http:\/\/www.inter-views.org\/wp-content\/uploads\/bbvma.jpg\"><img loading=\"lazy\" decoding=\"async\" class=\"alignright size-full wp-image-2700\" src=\"http:\/\/www.inter-views.org\/wp-content\/uploads\/bbvma.jpg\" alt=\"\" width=\"480\" height=\"346\" srcset=\"https:\/\/www.inter-views.org\/wp-content\/uploads\/bbvma.jpg 480w, https:\/\/www.inter-views.org\/wp-content\/uploads\/bbvma-300x216.jpg 300w\" sizes=\"auto, (max-width: 480px) 100vw, 480px\" \/><\/a><\/p>\n<p><a href=\"http:\/\/www.inter-views.org\/wp-content\/uploads\/appsocuts_cover-1.jpg\"><img loading=\"lazy\" decoding=\"async\" class=\"alignright wp-image-2701 size-full\" src=\"http:\/\/www.inter-views.org\/wp-content\/uploads\/appsocuts_cover-1.jpg\" alt=\"\" width=\"480\" height=\"346\" srcset=\"https:\/\/www.inter-views.org\/wp-content\/uploads\/appsocuts_cover-1.jpg 480w, https:\/\/www.inter-views.org\/wp-content\/uploads\/appsocuts_cover-1-300x216.jpg 300w\" sizes=\"auto, (max-width: 480px) 100vw, 480px\" \/><\/a><\/p>\n<p><a href=\"http:\/\/www.inter-views.org\/wp-content\/uploads\/mona-jas_kleincopy-1.jpg\"><img loading=\"lazy\" decoding=\"async\" class=\"alignright wp-image-2703 size-full\" src=\"http:\/\/www.inter-views.org\/wp-content\/uploads\/mona-jas_kleincopy-1.jpg\" alt=\"\" width=\"480\" height=\"346\" srcset=\"https:\/\/www.inter-views.org\/wp-content\/uploads\/mona-jas_kleincopy-1.jpg 480w, https:\/\/www.inter-views.org\/wp-content\/uploads\/mona-jas_kleincopy-1-300x216.jpg 300w\" sizes=\"auto, (max-width: 480px) 100vw, 480px\" \/><\/a><\/p>\n<p><a href=\"http:\/\/www.inter-views.org\/wp-content\/uploads\/finten_front_480_klein_center.jpg\"><img loading=\"lazy\" decoding=\"async\" class=\"alignright wp-image-2714 size-full\" src=\"http:\/\/www.inter-views.org\/wp-content\/uploads\/finten_front_480_klein_center.jpg\" alt=\"\" width=\"480\" height=\"346\" srcset=\"https:\/\/www.inter-views.org\/wp-content\/uploads\/finten_front_480_klein_center.jpg 480w, https:\/\/www.inter-views.org\/wp-content\/uploads\/finten_front_480_klein_center-300x216.jpg 300w\" sizes=\"auto, (max-width: 480px) 100vw, 480px\" \/><\/a><\/p>\n<p><a href=\"http:\/\/www.inter-views.org\/wp-content\/uploads\/mischen-cover-klein_480-3.jpg\"><img loading=\"lazy\" decoding=\"async\" class=\"alignright wp-image-2709 size-full\" src=\"http:\/\/www.inter-views.org\/wp-content\/uploads\/mischen-cover-klein_480-3.jpg\" alt=\"\" width=\"480\" height=\"346\" srcset=\"https:\/\/www.inter-views.org\/wp-content\/uploads\/mischen-cover-klein_480-3.jpg 480w, https:\/\/www.inter-views.org\/wp-content\/uploads\/mischen-cover-klein_480-3-300x216.jpg 300w\" sizes=\"auto, (max-width: 480px) 100vw, 480px\" \/><\/a><\/p>\n<p><a href=\"http:\/\/www.inter-views.org\/wp-content\/uploads\/finten_front_480_klein-1.jpg\"><img loading=\"lazy\" decoding=\"async\" class=\"alignright size-full wp-image-2710\" src=\"http:\/\/www.inter-views.org\/wp-content\/uploads\/finten_front_480_klein-1.jpg\" alt=\"\" width=\"480\" height=\"346\" srcset=\"https:\/\/www.inter-views.org\/wp-content\/uploads\/finten_front_480_klein-1.jpg 480w, https:\/\/www.inter-views.org\/wp-content\/uploads\/finten_front_480_klein-1-300x216.jpg 300w\" sizes=\"auto, (max-width: 480px) 100vw, 480px\" \/><\/a><\/p>\n<div id=\"attachment_270\" style=\"width: 490px\" class=\"wp-caption alignright\"><a href=\"http:\/\/www.inter-views.org\/publications\/publikation_istanbul\/\" rel=\"attachment wp-att-270\"><img loading=\"lazy\" decoding=\"async\" aria-describedby=\"caption-attachment-270\" class=\"wp-image-270 size-full\" src=\"http:\/\/www.inter-views.org\/wp-content\/uploads\/publikation_istanbul.jpg\" alt=\"Aus: Berlin-Istanbul, Sourcebook, Hrsg. Kulturprojekte Berlin GmbH, BM Suma Contemporary Art Center und Kunstraum Kreuzberg\/Bethanien, Berlin 2009\" width=\"480\" height=\"311\" srcset=\"https:\/\/www.inter-views.org\/wp-content\/uploads\/publikation_istanbul.jpg 480w, https:\/\/www.inter-views.org\/wp-content\/uploads\/publikation_istanbul-300x194.jpg 300w\" sizes=\"auto, (max-width: 480px) 100vw, 480px\" \/><\/a><p id=\"caption-attachment-270\" class=\"wp-caption-text\">Aus: <em>Berlin-Istanbul<\/em>, Sourcebook, Hrsg. Kulturprojekte Berlin GmbH, BM Suma Contemporary Art Center und Kunstraum Kreuzberg\/Bethanien, Berlin 2009.<\/p><\/div>\n<div id=\"attachment_279\" style=\"width: 490px\" class=\"wp-caption alignright\"><a href=\"http:\/\/www.inter-views.org\/publications\/publikation_experimente-2\/\" rel=\"attachment wp-att-279\"><img loading=\"lazy\" decoding=\"async\" aria-describedby=\"caption-attachment-279\" class=\"wp-image-279 size-full\" src=\"http:\/\/www.inter-views.org\/wp-content\/uploads\/publikation_experimente1.jpg\" alt=\"experimente, Katalog Mona Jas. Mit einem Textbeitrag von Dr. Claudia M\u00fcller, Hrsg: Kunstverein Gro\u00df-Gerau, 1994\" width=\"480\" height=\"217\" srcset=\"https:\/\/www.inter-views.org\/wp-content\/uploads\/publikation_experimente1.jpg 480w, https:\/\/www.inter-views.org\/wp-content\/uploads\/publikation_experimente1-300x135.jpg 300w\" sizes=\"auto, (max-width: 480px) 100vw, 480px\" \/><\/a><p id=\"caption-attachment-279\" class=\"wp-caption-text\"><em>experimente<\/em>, Katalog Mona Jas. Mit einem Textbeitrag von Dr. Claudia M\u00fcller, Hrsg: Kunstverein Gro\u00df-Gerau, 199<\/p><\/div>\n<p>Jas, Mona (2019 \/ 2018): <em>Labor zeitgen\u00f6ssische Kunst \u2013 K\u00fcnstlerische partizipative Ans\u00e4tze in der Kulturellen Bildung<\/em>. In: <a href=\"https:\/\/www.kubi-online.de\/index.php\/artikel\/labor-zeitgenoessische-kunst-kuenstlerische-partizipative-ansaetze-kulturellen-bildung\" target=\"_blank\" rel=\"noopener noreferrer\">KULTURELLE BILDUNG ONLINE<\/a><\/p>\n<p>Jas, Mona\/Heber, Michael (2019 \/ 2017): <em>Der \u201eKompetenzkurs Kultur \u2013 Bildung \u2013 Kooperation&#8220; als Modell einer Qualifizierung f\u00fcr Kunst- und Kulturschaffende in der Kulturellen Bildung<\/em>. In: <a href=\"https:\/\/www.kubi-online.de\/artikel\/kompetenzkurs-kultur-bildung-kooperation-modell-einer-qualifizierung-kunst-kulturschaffende\" target=\"_blank\" rel=\"noopener noreferrer\">KULTURELLE BILDUNG ONLINE<\/a><\/p>\n<p>Jas, Mona (2019): <em>Wandernde Formate und Wissenstransfer<\/em>. In: The Hub e. V (Hg.) (2019): <a href=\"https:\/\/en.naimaunlimited.com\/library\/berlin-biennalebbvma\/\" target=\"_blank\" rel=\"noopener noreferrer\">Berlin Biennale: von mir aus. Naima Verlag<\/a>: Berlin\/Paris.<\/p>\n<p>Jas, Mona (2019): <em>Wenn wir die Welt umdrehen w\u00fcrden<\/em>. In: Berlin Biennale (Hg.) (2019): <a href=\"https:\/\/www.naimaunlimited.com\/biblio\/berlin-biennale-appscout\/\" target=\"_blank\" rel=\"noopener noreferrer\">App Scouts.\u00a0<\/a><\/p>\n<p><a href=\"https:\/\/www.naimaunlimited.com\/biblio\/berlin-biennale-appscout\/\" target=\"_blank\" rel=\"noopener noreferrer\">Naima Verlag<\/a>: Berlin\/Paris.<\/p>\n<p>Jas, Mona (2019): <em>\u041f\u0440\u043e\u0441\u0442\u0440\u0430\u043d\u0441\u0442\u0432\u043e \u0447\u0438\u0441\u0442\u043e\u0442\u044b \u0438 \u0441\u0432\u043e\u0431\u043e\u0434\u044b \u043c\u044b\u0441\u043b\u0438 \u2013 was Kunst-Interventionen der Schule geben k\u00f6nnten<\/em>. In: ART-LABOR. Goethe-Institut St. Petersburg.<\/p>\n<p>Jas, Mona\/Knoke, Andreas (2018): <em>Kompetenzkurs Kultur \u2013 Bildung \u2013 Kooperation<\/em>, in: Keuchel, Susanne\/ Werker, B\u00fcnyamin (Hg.) (2018): K\u00fcnstlerische-p\u00e4dagogische Weiterbildungen f\u00fcr Kunst und Kulturschaffende. Innovative Ans\u00e4tze und Erkenntnisse, Heidelberg: Springer-VS.<\/p>\n<p>Jas, Mona (2018): <em>Labor zeitgen\u00f6ssische Kunst<\/em>, in: Josties, Elke\/Menrath, Stefanie Kiwi (Hg.)(2018): Kulturelle Jugendbildung in offenen Settings, M\u00fcnchen: kopaed Verlag.<\/p>\n<p>Jas, Mona\/Kats, Anton (2018): <em>Scores and Drawings<\/em>. Textbeitrag mit Zeichnungen, in: Angiama, Sepake\/Butcher, Clare\/Kats, Anton (Hg.): aneducation &#8211; documenta 14, Berlin: Verlag Archive Books.<\/p>\n<p>Heber, Michael\/Jas, Mona (Hg.) (2017): <em>Fokus: Kunst- und Kulturschaffende in Bildungseinrichtungen! Debatten um Rahmenbedingungen, Potenziale und Kompetenzen f\u00fcr kulturelle Bildungsprojekte<\/em>, M\u00fcnchen: kopaed Verlag.<\/p>\n<p>Jas, Mona\/Heber, Michael (2017): <em>Kunst- und Kulturschaffende in der Kulturellen Bildung: Impulse setzen \u2013 Reflexion bieten \u2013 Praxistransfer begleiten<\/em>, in: Heber\/Jas (2017), S. 69-89.<\/p>\n<p>Ehgartner, Claudia\/Fedier, Carolin\/Jas, Mona\/M\u00e4hne, Sabine (2017): <em>Modulares Qualifizierungskonzept<\/em>, in: Schule Inklusive Kulturelle Bildung 2015-2017, Erasmus+ (Hg.).<\/p>\n<p>Jas, Mona (2016): <em>Kunst- und Kultureinrichtungen und ihre Akteure<\/em>, in: Themenheft B\u00fcndnis. Potenzial: Kooperation, Bundesvereinigung Kulturelle Kinder- und Jugendbildung (BKJ) e. V. (2016) (Hg.), Berlin: Eigenverlag.<\/p>\n<p>Heber, Michael\/Hohmaier, Kathrin\/Jas, Mona\/Speck, Karsten (2016): <em><a href=\"https:\/\/www.bkj.de\/publikation\/perspektive-kuenste-arbeitsfeld-kulturelle-bildung\/#\" target=\"_blank\" rel=\"noopener noreferrer\">Perspektive K\u00fcnste \u2013 Arbeitsfeld Kulturelle Bildung<\/a><\/em>. Texte, Materialien, Methoden f\u00fcr Kulturschaffende, Bundesvereinigung Kulturelle Kinder- und Jugendbildung (BKJ) e. V. (Hg.), Berlin: Eigenverlag.<\/p>\n<p>Jas, Mona (2016): <em>Stimmen<\/em>, in: Eggs, Francine\/Bitschin, Andreas\/Altner, Marvin (Hg.)(2016): U-Bahnhof Bundestag Berlin 2016. Kunst im \u00f6ffentlichen Raum, Berlin: Jovis Verlag.<\/p>\n<p>Baumann, Leonie\/Hentschel, Ulrike\/Ku\u00dfmaul, Marion\/Herpell, Anja\/H\u00fcttmann, Rebekka\/Jas, Mona\/Pries, Maria\/Tischer, Angelika\/Wiehe, Kerstin\/Winderlich, Kirsten (2016): <a href=\"https:\/\/www.berlin.de\/sen\/kultur\/kulturpolitik\/kulturelle-teilhabe\/kulturelle-bildung\/artikel.32023.php\" target=\"_blank\" rel=\"noopener noreferrer\"><em>Unter-AG 3: Kulturelle Bildung im Studium sowie in Aus-, Fort- und Weiterbildung<\/em>, Rahmenkonzept Kulturelle Bildung 2013-2016 im Auftrag des Berliner Abgeordnetenhauses<\/a>.<\/p>\n<p>Fener, Suna\/Jas, Mona\/Sagasser, Gabriele (2016): <em><a href=\"https:\/\/www.kubinaut.de\/media\/uploads\/initiativemuseumschule2016.pdf\" target=\"_blank\" rel=\"noopener noreferrer\">Initiative Museum und Schule. Empfehlungen f\u00fcr die Zusammenarbeit<\/a><\/em>, Landesinstitut f\u00fcr Schulen und Medien Berlin-Brandenburg (Hg.).<\/p>\n<p>Jas, Mona (2015): <a href=\"https:\/\/web.archive.org\/web\/20190928115125\/http:\/\/publikation.kulturagenten-programm.de\/detailansicht.html?document=13\" target=\"_blank\" rel=\"noopener noreferrer\"><em>K\u00fcnstlerische Strategien in meiner Arbeit als Kulturagentin<\/em><\/a>, in: Modellprogramm \u201eKulturagenten f\u00fcr kreative Schulen 2011-2015\u201c, Forum K&amp;B GmbH (Hg.) (2015), Essen: Eigenverlag.<\/p>\n<p>Baumann, Leonie\/Frank, Christine\/ Heinrich, Bettina\/ Hertling, Nele\/Jas, Mona\/Naumann, Reinhard\/Thilo, Andrea\/Yikici, Tamer Erg\u00fcn (2015): <em><a href=\"https:\/\/www.berlin.de\/sen\/kultur\/kulturpolitik\/kulturelle-teilhabe\/kulturelle-bildung\/artikel.32023.php\" target=\"_blank\" rel=\"noopener noreferrer\">Berliner Denkwerkstatt Kulturelle Bildung<\/a>. Positionen zur Weiterentwicklung des Berliner Rahmenkonzepts zur <\/em>Kulturellen Bildung im Auftrag des Berliner Abgeordnetenhauses, Berlin.<\/p>\n<p>Jas, Mona (2015): <em><a href=\"https:\/\/web.archive.org\/web\/20190928115355\/http:\/\/publikation.kulturagenten-programm.de\/detailansicht.html?document=99\" target=\"_blank\" rel=\"noopener noreferrer\">Wenn ich Ellen Blumenstein w\u00e4re<\/a><\/em>, in: Modellprogramm \u201eKulturagenten f\u00fcr kreative Schulen 2011-2015\u201c, Forum K&amp;B GmbH (Hg.) (2015), Essen: Online-Publikation.<\/p>\n<p>Jas, Mona (2015): <em><a href=\"https:\/\/web.archive.org\/web\/20190928115533\/http:\/\/publikation.kulturagenten-programm.de\/detailansicht.html?document=178\" target=\"_blank\" rel=\"noopener noreferrer\">I &lt;3 Kunst \u2013 Experimentierr\u00e4ume zwischen Kunsthochschule und Schule<\/a><\/em>, in: Modellprogramm \u201eKulturagenten f\u00fcr kreative Schulen 2011-2015\u201c, Forum K&amp;B GmbH (Hg.) (2015), Essen: Online-Publikation.<\/p>\n<p>Jas, Mona (2014): <em>I &lt;3 Kunst<\/em>, in: I&lt;3 Kunst und 7 auf einen Streich, Katalog zur gleichnamigen Ausstellung im Rahmen der Seminarreihe, wei\u00dfensee kunsthochschule berlin (Hg.)(2014), Berlin: Eigenverlag.<\/p>\n<p>Jas, Mona (2012): <em>Komm\u2018 in meinen Welt<\/em>, in: Eggs, Francine\/Bitschin, Andreas\/Altner, Marvin (Hg.) (2012): Gleisdreieck Berlin 2012. Kunst im \u00f6ffentlichen Raum, Berlin: Jovis Verlag.<\/p>\n<p>Jas, Mona (2012): <em>Wege (links\/rechts) Handlungsanweisung<\/em>, in: Transfer. Beitr\u00e4ge zur Kunstvermittlung, Stiftung K\u00fcnstlerdorf Sch\u00f6ppingen (Hg.): Eigenverlag.<\/p>\n<p>Poll\u00fcck , Klaus-Peter (Hg.) (2012): <em>Mischen: possible<\/em>, Kunstprojekt, in: Kunst verbindet Menschen: Kunstprojekte an drei Berliner Schulen \u2013 Ein Forschungsbericht. Mit Beitr\u00e4gen von Paula Stockmann, Joachim Vierling, Elmar Ott und Sven Proske, Aachen: Shaker Verlag.<\/p>\n<p>Jas, Mona (2011): <em>Una Misi\u00f3n Posible<\/em>, Textbeitrag mit Abbildungen mit einer Einleitung von Wibke Behrens in:<a href=\"http:\/\/www.goethe.de\/wis\/bib\/prj\/hmb\/the\/156\/de8622803.htm\" target=\"_blank\" rel=\"noopener noreferrer\"> Mediaci\u00f3n Art\u00edstica, Humboldt 156<\/a>, Goethe Institut (Hg.) (2011)<\/p>\n<p>Jas, Mona (2011): <em>Die Plejaden #1<\/em>, in: Goethe Institut Minsk und Galerie (Hg.)(2011): Vis-\u00e0-Vis. Aktuelle Dialoge, Minsk, Wei\u00dfrussland, Minsk: Lohvinau Verlag.<\/p>\n<p>Jas, Mona (2010) <em>Mischen: possible 2008-2010<\/em>. Kunstvermittlung NGBK Stipendienprojekt, mit Text-beitr\u00e4gen von Leonie Baumann, Mona Jas, Silke Feldhoff, Greta Hoheisel, Claudia Sch\u00f6nherr-Hein\u00acrich, nGbK (Hg.), Berlin: Eigenverlag.<\/p>\n<p>Jas, Mona (Hg.) (2010): <em>Finten<\/em>. Kunstvermittlung gegen Ausgrenzung, mit Beitr\u00e4gen von Mona Jas, Dejan Markovic, Sylvia Moss, Nihad Nino Pusija und Andr\u00e9 J. Raatzsch, Norderstedt: Books on Demand GmbH.<\/p>\n<p>Centro linguistico Merano (Hg.) (2009): <em>Suonare la propria musica nel mundo\/Nur, wer seine eigene Melodie hat, darf auf die Welt pfeifen<\/em>, Katalog, Meran: Eigenverlag.<\/p>\n<p>Jas, Mona (2009): <em>Suonare la propria musica nel mundo \/ Nur, wer seine eigene Melodie hat, darf auf die Welt pfeifen<\/em>, in: Cultura Socialis, Provincia Autonoma di Bolzano &#8211; Alto Adige (Hg.), Bolzano: Eigenverlag.<\/p>\n<p>Friese, Holger\/Jas, Mona (2009): <em>Les M\u00e8ches en Ligne<\/em>, in: Utopics (Hg.): 11. Schweizerische Plastikausstellung, Katalog, Z\u00fcrich: JRP I, Ringier, Kunstverlag AG.<\/p>\n<p>Jas, Mona (2009): <em>Mona Jas<\/em>, in: Kulturprojekte Berlin GmbH (Hg.): Berlin-Istanbul, Sourcebook zur Ausstellung der Istanbulstipendiat_innen, BM Suma Contemporary Art Center und Kunstraum Kreuzberg\/Bethanien, Berlin: Eigenverlag.<\/p>\n<p>Jas, Mona (2008): <em>Mischen: possible<\/em>, Beitrag zur Ver\u00f6ffentlichung der Tagung \u201eKunstvermittlung zwischen Konformit\u00e4t und Widerst\u00e4ndigkeit\u201c im November 2008, Baumann, Sabine\/Baumann Leonie (Hg.), Bundesakademie f\u00fcr kulturelle Bildung in Wolfenb\u00fcttel und der Arbeitsgemeinschaft der Kunstvereine. Wolfenb\u00fcttler Akademie-Texte Band 39.<\/p>\n<p>Jas, Mona (2006): <em>Ideale (Ali)<\/em>, in: Maurizio Cattelan, Massimiliano Gioni und Ali Subotnick (Hg.): Checkpoint Charley, Projekt f\u00fcr die 4. Berlin Biennale.<\/p>\n<p>Jas, Mona (2004): <em>Mona Jas<\/em>, Katalog, Goldrausch K\u00fcnstlerinnenprojekt art IT (Hg.), Berlin: Eigenverlag.<\/p>\n<p>Jas, Mona (2003): <em>Deprem \/ Earthquake<\/em>, in: 10e BIM Genf, Katalog, Centre pour l\u2018image contemporaine, Gen\u00e8ve (Hg.).<\/p>\n<p>Jas, Mona (2000): <em>Landscapes<\/em>, in: Angelika Richter, Barbara Thumm (Hg.): no vacancies, CD ROM.<\/p>\n<p>Jas, Mona (1994): <em>experimente<\/em>. Katalog Mona Jas, Kunstverein Gro\u00df-Gerau (Hg.), Frankfurt: Eigenverlag.<\/p>","protected":false},"excerpt":{"rendered":"<p>Jas, Mona (2019 \/ 2018): Labor zeitgen\u00f6ssische Kunst \u2013 K\u00fcnstlerische partizipative Ans\u00e4tze in der Kulturellen Bildung. In: KULTURELLE BILDUNG ONLINE Jas, Mona\/Heber, Michael (2019 \/ 2017): Der \u201eKompetenzkurs Kultur \u2013 Bildung \u2013 Kooperation&#8220; als Modell einer Qualifizierung f\u00fcr Kunst- und &hellip; <a href=\"https:\/\/www.inter-views.org\/de\/publications\/\">Weiterlesen <span class=\"meta-nav\">&rarr;<\/span><\/a><\/p>\n","protected":false},"author":1,"featured_media":0,"parent":0,"menu_order":0,"comment_status":"open","ping_status":"open","template":"publications.php","meta":{"footnotes":""},"class_list":["post-42","page","type-page","status-publish","hentry"],"_links":{"self":[{"href":"https:\/\/www.inter-views.org\/de\/wp-json\/wp\/v2\/pages\/42","targetHints":{"allow":["GET"]}}],"collection":[{"href":"https:\/\/www.inter-views.org\/de\/wp-json\/wp\/v2\/pages"}],"about":[{"href":"https:\/\/www.inter-views.org\/de\/wp-json\/wp\/v2\/types\/page"}],"author":[{"embeddable":true,"href":"https:\/\/www.inter-views.org\/de\/wp-json\/wp\/v2\/users\/1"}],"replies":[{"embeddable":true,"href":"https:\/\/www.inter-views.org\/de\/wp-json\/wp\/v2\/comments?post=42"}],"version-history":[{"count":74,"href":"https:\/\/www.inter-views.org\/de\/wp-json\/wp\/v2\/pages\/42\/revisions"}],"predecessor-version":[{"id":3071,"href":"https:\/\/www.inter-views.org\/de\/wp-json\/wp\/v2\/pages\/42\/revisions\/3071"}],"wp:attachment":[{"href":"https:\/\/www.inter-views.org\/de\/wp-json\/wp\/v2\/media?parent=42"}],"curies":[{"name":"wp","href":"https:\/\/api.w.org\/{rel}","templated":true}]}}