{"id":2993,"date":"2019-09-27T01:53:35","date_gmt":"2019-09-26T23:53:35","guid":{"rendered":"http:\/\/www.inter-views.org\/?page_id=2993"},"modified":"2019-10-06T21:51:03","modified_gmt":"2019-10-06T19:51:03","slug":"archiv-lehre-und-forschung","status":"publish","type":"page","link":"https:\/\/www.inter-views.org\/de\/archiv-lehre-und-forschung\/","title":{"rendered":"Archiv: Forschungsprojekte, Gremien, Symposien bis 2014"},"content":{"rendered":"<p><div id=\"attachment_235\" style=\"width: 490px\" class=\"wp-caption alignright\"><a href=\"http:\/\/www.inter-views.org\/teaching\/lecture_4\/\" rel=\"attachment wp-att-235\"><img loading=\"lazy\" decoding=\"async\" aria-describedby=\"caption-attachment-235\" class=\"size-full wp-image-235\" src=\"http:\/\/www.inter-views.org\/wp-content\/uploads\/lecture_4.jpg\" alt=\"Veranstaltung Ballhaus Naunynstra\u00dfe, R\u00fcckkopplungen, Tischwerkstatt\" width=\"480\" height=\"418\" srcset=\"https:\/\/www.inter-views.org\/wp-content\/uploads\/lecture_4.jpg 480w, https:\/\/www.inter-views.org\/wp-content\/uploads\/lecture_4-300x261.jpg 300w\" sizes=\"auto, (max-width: 480px) 100vw, 480px\" \/><\/a><p id=\"caption-attachment-235\" class=\"wp-caption-text\">Veranstaltung Ballhaus Naunynstra\u00dfe, <em>R\u00fcckkopplungen,<\/em> Tischwerkstatt \u00c2\u00a9 Nihad Nino Pu\u00c5\u00a1ija<\/p><\/div><\/p>\n<p><a href=\"http:\/\/www.inter-views.org\/wp-content\/uploads\/poster-copy.jpg\"><img loading=\"lazy\" decoding=\"async\" class=\"alignright size-full wp-image-3063\" src=\"http:\/\/www.inter-views.org\/wp-content\/uploads\/poster-copy.jpg\" alt=\"\" width=\"480\" height=\"675\" srcset=\"https:\/\/www.inter-views.org\/wp-content\/uploads\/poster-copy.jpg 480w, https:\/\/www.inter-views.org\/wp-content\/uploads\/poster-copy-213x300.jpg 213w\" sizes=\"auto, (max-width: 480px) 100vw, 480px\" \/><\/a><\/p>\n<p>Forschungsprojekte, Gremien, Symposien bis 2014<\/p>\n<p>2014-12<br \/>\n<a href=\"https:\/\/web.archive.org\/save\/https:\/\/kh-berlin.de\/projekt-detail\/Project\/detail\/hybride-konstellationen-1316.html\" target=\"_blank\" rel=\"noopener noreferrer\">Hybride Konstellationen<\/a>, Forschungsprojekt zu Ku\u0308nstlerischer Kunstvermittlung mit Schu\u0308ler*innen, Lehrer*innen, Ku\u0308nstler*innen und Studierenden in und mit Kulturinstitutionen. Mit Einzelfall- und Dokumentenanalyse, Handlungs- und Feldforschung werden die Arbeitsprozesse mit den Verfahren qualitativer Analyse untersucht. Kunsthochschule Berlin Wei\u00dfensee, Leitung: Mona Jas. Team: Magdalena Beger, Cyril Capbarat, Lina Falkner, Gregor Kasper \/ Studierende KH Berlin Wei\u00dfensee. Alexandra Kersten \/ Fachbereichsleiterin Ku\u0308nste, Heinz-Brandt-Schule. Judith Boegner, Greta Hoheisel \/ Ku\u0308nstler*innen a7.au\u00dfeneinsatz, Kunstistitutionen: KW Institute for Contemporary Art, Arsenal Institut fu\u0308r Film und Video Kunst e.V., F\u00f6rderer der Schulprojekte: Modellprogramm \u201eKulturagenten fu\u0308r kreative Schulen\u201c, Berliner Projektfonds Kulturelle Bildung<\/p>\n<p>2014<br \/>\n<a href=\"https:\/\/web.archive.org\/web\/20190928112407\/https:\/\/kh-berlin.de\/projekt-detail\/Project\/detail\/7-auf-einen-streich-1614.html\" target=\"_blank\" rel=\"noopener noreferrer\">7 auf einen Streich<\/a>. Konzeption und Durchf\u00fchrung der Veranstaltung in der Kunsthalle am Hamburger Platz, zu Teilhabe und transformatorischem Potenzial von Kunst in Schulen, im Rahmen der<br \/>\nKooperation der Kunsthochschule Berlin Wei\u00dfensee und dem Modellprogramm \u201eKulturagenten f\u00fcr kreative Schulen\u201c, mit Carsten Cremer und Eva Randelzhofer.<\/p>\n<p>2013<br \/>\nCurriculum Lernbereich K\u00fcnste. Beratung f\u00fcr den neuen Lernbereich im Wahlpflichtbereich f\u00fcr die Berliner Senatsverwaltung f\u00fcr Bildung, Jugend und Wissenschaft<\/p>\n<p>2010<br \/>\nR\u00fcckkopplungen. Konzeption und Durchf\u00fchrung der Veranstaltung im Rahmen des Vermittlungsprogramms der 6. Berlin Biennale f\u00fcr zeitgen\u00f6ssische Kunst, zur Beziehung von Kunst und Gesellschaft, mit Dr. Sabine Dengel, Dr. Silke Feldhoff, Jeannette Gogoll, Judith B\u00f6gner, unterst\u00fctzt von der Bundeszentrale f\u00fcr politische Bildung\/bpb und den KW Institute for Contemporary Art Berlin.<\/p>\n<p>Jury Auswahl Satellitenprojekte. Mitglied f\u00fcr die Auswahl der Projekte der Kulturellen Bildung im Kontext der 6. Berlin Biennale f\u00fcr zeitgen\u00f6ssische Kunst, mit Gabriele Horn, Katia Reich und Markus Schega.<\/p>\n<p>Wine &amp; Cheese. Initiierung und Gestaltung des Projekts zur Vernetzung internationaler K\u00fcnstler*innen und Kurator*innen mit Vortr\u00e4gen, Symposien und Workshops im Rahmen des Kunstvermittlungsprojekts Mischen: possible in der nGbK, mit Kate Squires und Wibke Behrens.<\/p>","protected":false},"excerpt":{"rendered":"<p>Forschungsprojekte, Gremien, Symposien bis 2014 2014-12 Hybride Konstellationen, Forschungsprojekt zu Ku\u0308nstlerischer Kunstvermittlung mit Schu\u0308ler*innen, Lehrer*innen, Ku\u0308nstler*innen und Studierenden in und mit Kulturinstitutionen. Mit Einzelfall- und Dokumentenanalyse, Handlungs- und Feldforschung werden die Arbeitsprozesse mit den Verfahren qualitativer Analyse untersucht. Kunsthochschule Berlin &hellip; <a href=\"https:\/\/www.inter-views.org\/de\/archiv-lehre-und-forschung\/\">Weiterlesen <span class=\"meta-nav\">&rarr;<\/span><\/a><\/p>\n","protected":false},"author":1,"featured_media":0,"parent":0,"menu_order":0,"comment_status":"closed","ping_status":"closed","template":"","meta":{"footnotes":""},"class_list":["post-2993","page","type-page","status-publish","hentry"],"_links":{"self":[{"href":"https:\/\/www.inter-views.org\/de\/wp-json\/wp\/v2\/pages\/2993","targetHints":{"allow":["GET"]}}],"collection":[{"href":"https:\/\/www.inter-views.org\/de\/wp-json\/wp\/v2\/pages"}],"about":[{"href":"https:\/\/www.inter-views.org\/de\/wp-json\/wp\/v2\/types\/page"}],"author":[{"embeddable":true,"href":"https:\/\/www.inter-views.org\/de\/wp-json\/wp\/v2\/users\/1"}],"replies":[{"embeddable":true,"href":"https:\/\/www.inter-views.org\/de\/wp-json\/wp\/v2\/comments?post=2993"}],"version-history":[{"count":15,"href":"https:\/\/www.inter-views.org\/de\/wp-json\/wp\/v2\/pages\/2993\/revisions"}],"predecessor-version":[{"id":3170,"href":"https:\/\/www.inter-views.org\/de\/wp-json\/wp\/v2\/pages\/2993\/revisions\/3170"}],"wp:attachment":[{"href":"https:\/\/www.inter-views.org\/de\/wp-json\/wp\/v2\/media?parent=2993"}],"curies":[{"name":"wp","href":"https:\/\/api.w.org\/{rel}","templated":true}]}}